{"id":3718,"date":"2025-11-08T08:38:22","date_gmt":"2025-11-08T08:38:22","guid":{"rendered":"https:\/\/gcomunitats.cat\/?page_id=3718"},"modified":"2025-11-23T20:51:04","modified_gmt":"2025-11-23T20:51:04","slug":"eines-gratuites","status":"publish","type":"page","link":"https:\/\/gcomunitats.cat\/es\/eines-gratuites\/","title":{"rendered":"Eines gratu\u00eftes"},"content":{"rendered":"\n<p>Et presento v\u00e0ries eines gratu\u00eftes que t&#8217;ajudaran amb la gesti\u00f3 de la teva comunitat.<\/p>\n\n\n<style>.wp-block-kadence-column.kb-section-dir-horizontal > .kt-inside-inner-col > .kt-info-box3718_b2da60-c5 .kt-blocks-info-box-link-wrap{max-width:unset;}.kt-info-box3718_b2da60-c5 .kt-blocks-info-box-link-wrap{padding-top:var(--global-kb-spacing-xs, 1rem);padding-right:var(--global-kb-spacing-xs, 1rem);padding-bottom:var(--global-kb-spacing-xs, 1rem);padding-left:var(--global-kb-spacing-xs, 1rem);}.kt-info-box3718_b2da60-c5 .kadence-info-box-icon-container .kt-info-svg-icon, .kt-info-box3718_b2da60-c5 .kt-info-svg-icon-flip, .kt-info-box3718_b2da60-c5 .kt-blocks-info-box-number{font-size:50px;}.kt-info-box3718_b2da60-c5 .kt-blocks-info-box-media{border-top-width:0px;border-right-width:0px;border-bottom-width:0px;border-left-width:0px;padding-top:10px;padding-right:10px;padding-bottom:10px;padding-left:10px;}.kt-info-box3718_b2da60-c5 .kt-blocks-info-box-media-container{margin-top:0px;margin-right:15px;margin-bottom:0px;margin-left:15px;}.kt-info-box3718_b2da60-c5 .kt-blocks-info-box-learnmore{background:transparent;border-width:0px 0px 0px 0px;padding-top:4px;padding-right:8px;padding-bottom:4px;padding-left:8px;margin-top:10px;margin-right:0px;margin-bottom:10px;margin-left:0px;}<\/style>\n<div class=\"wp-block-kadence-infobox kt-info-box3718_b2da60-c5\"><a class=\"kt-blocks-info-box-link-wrap info-box-link kt-blocks-info-box-media-align-top kt-info-halign-center\" href=\"https:\/\/gcomunitats.cat\/creador-actes\/\" aria-label=\"Creador de Pressupostos per a Comunitats\"><div class=\"kt-blocks-info-box-media-container\"><div class=\"kt-blocks-info-box-media kt-info-media-animate-none\"><div class=\"kadence-info-box-icon-container kt-info-icon-animate-none\"><div class=\"kadence-info-box-icon-inner-container\"><span class=\"kb-svg-icon-wrap kb-svg-icon-fe_alignJustify kt-info-svg-icon\"><svg viewBox=\"0 0 24 24\"  fill=\"none\" stroke=\"currentColor\" stroke-width=\"2\" stroke-linecap=\"round\" stroke-linejoin=\"round\" xmlns=\"http:\/\/www.w3.org\/2000\/svg\"  aria-hidden=\"true\"><line x1=\"21\" y1=\"10\" x2=\"3\" y2=\"10\"\/><line x1=\"21\" y1=\"6\" x2=\"3\" y2=\"6\"\/><line x1=\"21\" y1=\"14\" x2=\"3\" y2=\"14\"\/><line x1=\"21\" y1=\"18\" x2=\"3\" y2=\"18\"\/><\/svg><\/span><\/div><\/div><\/div><\/div><div class=\"kt-infobox-textcontent\"><h2 class=\"kt-blocks-info-box-title\">Creador d\u2019Actes<\/h2><p class=\"kt-blocks-info-box-text\">Aquesta eina est\u00e0 dissenyada per facilitar la creaci\u00f3 de les actes de les juntes de propietaris.<\/p><\/div><\/a><\/div>\n\n\n\n<div style=\"height:20px\" aria-hidden=\"true\" class=\"wp-block-spacer\"><\/div>\n\n\n<style>.wp-block-kadence-column.kb-section-dir-horizontal > .kt-inside-inner-col > .kt-info-box3718_10f221-ac .kt-blocks-info-box-link-wrap{max-width:unset;}.kt-info-box3718_10f221-ac .kt-blocks-info-box-link-wrap{padding-top:var(--global-kb-spacing-xs, 1rem);padding-right:var(--global-kb-spacing-xs, 1rem);padding-bottom:var(--global-kb-spacing-xs, 1rem);padding-left:var(--global-kb-spacing-xs, 1rem);}.kt-info-box3718_10f221-ac .kadence-info-box-icon-container .kt-info-svg-icon, .kt-info-box3718_10f221-ac .kt-info-svg-icon-flip, .kt-info-box3718_10f221-ac .kt-blocks-info-box-number{font-size:50px;}.kt-info-box3718_10f221-ac .kt-blocks-info-box-media{border-top-width:0px;border-right-width:0px;border-bottom-width:0px;border-left-width:0px;padding-top:10px;padding-right:10px;padding-bottom:10px;padding-left:10px;}.kt-info-box3718_10f221-ac .kt-blocks-info-box-media-container{margin-top:0px;margin-right:15px;margin-bottom:0px;margin-left:15px;}.kt-info-box3718_10f221-ac .kt-blocks-info-box-learnmore{background:transparent;border-width:0px 0px 0px 0px;padding-top:4px;padding-right:8px;padding-bottom:4px;padding-left:8px;margin-top:10px;margin-right:0px;margin-bottom:10px;margin-left:0px;}<\/style>\n<div class=\"wp-block-kadence-infobox kt-info-box3718_10f221-ac\"><a class=\"kt-blocks-info-box-link-wrap info-box-link kt-blocks-info-box-media-align-top kt-info-halign-center\" href=\"https:\/\/gcomunitats.cat\/creador-de-pressupostos-per-a-comunitats\/\" aria-label=\"Creador de Pressupostos per a Comunitats\"><div class=\"kt-blocks-info-box-media-container\"><div class=\"kt-blocks-info-box-media kt-info-media-animate-none\"><div class=\"kadence-info-box-icon-container kt-info-icon-animate-none\"><div class=\"kadence-info-box-icon-inner-container\"><span class=\"kb-svg-icon-wrap kb-svg-icon-ic_euro kt-info-svg-icon\"><svg viewBox=\"0 0 8 8\"  fill=\"currentColor\" xmlns=\"http:\/\/www.w3.org\/2000\/svg\"  aria-hidden=\"true\"><path d=\"M6 0c-1.86 0-3.4 1.28-3.84 3h-1.91l-.25 1h2.01c0 .35.07.68.16 1h-1.97l-.19 1h2.56c.7 1.19 1.97 2 3.44 2 .73 0 1.41-.21 2-.56v-1.22c-.53.48-1.22.78-2 .78-.89 0-1.67-.39-2.22-1h2.22l.16-1h-2.97c-.11-.32-.19-.64-.19-1h3.34l.16-1h-3.31c.41-1.16 1.51-2 2.81-2 .66 0 1.26.21 1.75.56l.16-1.06c-.57-.31-1.21-.5-1.91-.5z\" transform=\"translate(-1)\"\/><\/svg><\/span><\/div><\/div><\/div><\/div><div class=\"kt-infobox-textcontent\"><h2 class=\"kt-blocks-info-box-title\">Creador de Pressupostos per a Comunitats<\/h2><p class=\"kt-blocks-info-box-text\">Amb aquesta eina podr\u00e0s crear els pressupostos anuals per a la teva comunitat d&#8217;una forma senzilla i r\u00e0pida.<\/p><\/div><\/a><\/div>\n\n\n\n<div style=\"height:20px\" aria-hidden=\"true\" class=\"wp-block-spacer\"><\/div>\n\n\n<style>.wp-block-kadence-column.kb-section-dir-horizontal > .kt-inside-inner-col > .kt-info-box3718_0a827b-0d .kt-blocks-info-box-link-wrap{max-width:unset;}.kt-info-box3718_0a827b-0d .kt-blocks-info-box-link-wrap{padding-top:var(--global-kb-spacing-xs, 1rem);padding-right:var(--global-kb-spacing-xs, 1rem);padding-bottom:var(--global-kb-spacing-xs, 1rem);padding-left:var(--global-kb-spacing-xs, 1rem);}.kt-info-box3718_0a827b-0d .kadence-info-box-icon-container .kt-info-svg-icon, .kt-info-box3718_0a827b-0d .kt-info-svg-icon-flip, .kt-info-box3718_0a827b-0d .kt-blocks-info-box-number{font-size:50px;}.kt-info-box3718_0a827b-0d .kt-blocks-info-box-media{border-top-width:0px;border-right-width:0px;border-bottom-width:0px;border-left-width:0px;padding-top:10px;padding-right:10px;padding-bottom:10px;padding-left:10px;}.kt-info-box3718_0a827b-0d .kt-blocks-info-box-media-container{margin-top:0px;margin-right:15px;margin-bottom:0px;margin-left:15px;}.kt-info-box3718_0a827b-0d .kt-blocks-info-box-learnmore{background:transparent;border-width:0px 0px 0px 0px;padding-top:4px;padding-right:8px;padding-bottom:4px;padding-left:8px;margin-top:10px;margin-right:0px;margin-bottom:10px;margin-left:0px;}<\/style>\n<div class=\"wp-block-kadence-infobox kt-info-box3718_0a827b-0d\"><a class=\"kt-blocks-info-box-link-wrap info-box-link kt-blocks-info-box-media-align-top kt-info-halign-center\" href=\"https:\/\/gcomunitats.cat\/calculadora-de-derrames\/\" aria-label=\"Calculadora de derrames\"><div class=\"kt-blocks-info-box-media-container\"><div class=\"kt-blocks-info-box-media kt-info-media-animate-none\"><div class=\"kadence-info-box-icon-container kt-info-icon-animate-none\"><div class=\"kadence-info-box-icon-inner-container\"><span class=\"kb-svg-icon-wrap kb-svg-icon-ic_euro kt-info-svg-icon\"><svg viewBox=\"0 0 8 8\"  fill=\"currentColor\" xmlns=\"http:\/\/www.w3.org\/2000\/svg\"  aria-hidden=\"true\"><path d=\"M6 0c-1.86 0-3.4 1.28-3.84 3h-1.91l-.25 1h2.01c0 .35.07.68.16 1h-1.97l-.19 1h2.56c.7 1.19 1.97 2 3.44 2 .73 0 1.41-.21 2-.56v-1.22c-.53.48-1.22.78-2 .78-.89 0-1.67-.39-2.22-1h2.22l.16-1h-2.97c-.11-.32-.19-.64-.19-1h3.34l.16-1h-3.31c.41-1.16 1.51-2 2.81-2 .66 0 1.26.21 1.75.56l.16-1.06c-.57-.31-1.21-.5-1.91-.5z\" transform=\"translate(-1)\"\/><\/svg><\/span><\/div><\/div><\/div><\/div><div class=\"kt-infobox-textcontent\"><h2 class=\"kt-blocks-info-box-title\">Calculadora de derrames<\/h2><p class=\"kt-blocks-info-box-text\">Amb aquesta eina podr\u00e0s crear els pressupostos anuals per a la teva comunitat d&#8217;una forma senzilla i r\u00e0pida.<\/p><\/div><\/a><\/div>\n\n\n\n<div style=\"height:20px\" aria-hidden=\"true\" class=\"wp-block-spacer\"><\/div>\n\n\n<style>.kadence-column3842_f27886-34 > .kt-inside-inner-col,.kadence-column3842_f27886-34 > .kt-inside-inner-col:before{border-top-left-radius:0px;border-top-right-radius:0px;border-bottom-right-radius:0px;border-bottom-left-radius:0px;}.kadence-column3842_f27886-34 > .kt-inside-inner-col{column-gap:var(--global-kb-gap-sm, 1rem);}.kadence-column3842_f27886-34 > .kt-inside-inner-col{flex-direction:column;}.kadence-column3842_f27886-34 > .kt-inside-inner-col > .aligncenter{width:100%;}.kadence-column3842_f27886-34 > .kt-inside-inner-col:before{opacity:0.3;}.kadence-column3842_f27886-34{position:relative;}@media all and (max-width: 1024px){.kadence-column3842_f27886-34 > .kt-inside-inner-col{flex-direction:column;justify-content:center;}}@media all and (max-width: 767px){.kadence-column3842_f27886-34 > .kt-inside-inner-col{flex-direction:column;justify-content:center;}}<\/style>\n<div class=\"wp-block-kadence-column kadence-column3842_f27886-34\"><div class=\"kt-inside-inner-col\">\n<h2 class=\"wp-block-heading\">T&#8217;he pogut ajudar?<\/h2>\n\n\n\n<p class=\"has-theme-palette-3-color has-text-color has-link-color wp-elements-3463a9d62b6170b7ee64e603c3975d92\">La utilitzaci\u00f3 de totes les eines \u00e9s totalment gratu\u00efta per a tothom. Nom\u00e9s agrairia la teva col\u00b7laboraci\u00f3 per poder mantenir les eines actives i actualitzades i seguir creant noves eines que et facilitaran la gesti\u00f3 de la teva comunitat.<\/p>\n\n\n\n<!DOCTYPE html>\n<html lang=\"ca\">\n<head>\n    <meta charset=\"UTF-8\">\n    <meta name=\"viewport\" content=\"width=device-width, initial-scale=1.0\">\n    <title>Col\u00b7labora<\/title>\n    <style>\n        .donacio-section {\n            background: none; \/* Color actualizado *\/\n            padding: 2rem;\n            border-radius: 10px;\n            color: #333;\n            text-align: center;\n            margin: 2rem 0;\n            border: 1px solid #e9ecef;\n        }\n\n        .donacio-title {\n            font-size: 1.8rem;\n            margin-bottom: 2rem;\n            font-weight: 600;\n            color: #2c3e50;\n        }\n\n        .donacio-options {\n            display: grid;\n            grid-template-columns: repeat(auto-fit, minmax(280px, 1fr));\n            gap: 2rem;\n            max-width: 800px;\n            margin: 0 auto;\n        }\n\n        .donacio-option {\n            background: white;\n            padding: 2rem;\n            border-radius: 8px;\n            color: #333;\n            box-shadow: 0 2px 10px rgba(0,0,0,0.05);\n            border: 1px solid #e9ecef;\n        }\n\n        .option-title {\n            font-size: 1.3rem;\n            font-weight: 600;\n            margin-bottom: 1.5rem;\n            color: #2c3e50;\n        }\n\n        .bizum-btn {\n            background: #00C2FF;\n            color: white;\n            border: none;\n            padding: 12px 25px;\n            border-radius: 6px;\n            font-size: 1rem;\n            font-weight: 600;\n            cursor: pointer;\n            transition: all 0.3s ease;\n            display: inline-flex;\n            align-items: center;\n            gap: 8px;\n            margin: 10px 0;\n        }\n\n        .bizum-btn:hover {\n            background: #00A8E0;\n            transform: translateY(-2px);\n        }\n\n        .bizum-number {\n            font-size: 1.4rem;\n            font-weight: 700;\n            color: #0066FF;\n            margin: 15px 0;\n            display: block;\n        }\n\n        .paypal-container {\n            margin-top: 15px;\n        }\n\n        .amount-select {\n            width: 100%;\n            padding: 10px 12px;\n            border: 1px solid #e2e8f0;\n            border-radius: 6px;\n            font-size: 1rem;\n            background: white;\n            color: #4a5568;\n            cursor: pointer;\n            transition: border-color 0.3s ease;\n            margin-bottom: 15px;\n        }\n\n        .amount-select:focus {\n            outline: none;\n            border-color: #0070BA;\n        }\n\n        .custom-amount {\n            width: 100%;\n            padding: 10px 12px;\n            border: 1px solid #e2e8f0;\n            border-radius: 6px;\n            font-size: 1rem;\n            margin-top: 10px;\n            display: none;\n        }\n\n        .custom-amount:focus {\n            outline: none;\n            border-color: #0070BA;\n        }\n\n        @media (max-width: 768px) {\n            .donacio-options {\n                grid-template-columns: 1fr;\n            }\n            \n            .donacio-title {\n                font-size: 1.5rem;\n            }\n        }\n    <\/style>\n<\/head>\n<body>\n    <section class=\"donacio-section\">\n        <h3 class=\"donacio-title\" style=\"color: white;\">Col\u00b7labora<\/h3>\n        \n        <div class=\"donacio-options\">\n            <!-- Opci\u00f3 Bizum -->\n            <div class=\"donacio-option\">\n                <h3 class=\"option-title\">\ud83d\udcf1 Bizum<\/h3>\n                <span class=\"bizum-number\">628 548 665<\/span>\n                <button class=\"bizum-btn\" onclick=\"copiarNumeroBizum(this)\">\n                    Copiar N\u00famero\n                <\/button>\n            <\/div>\n\n            <!-- Opci\u00f3 PayPal -->\n            <div class=\"donacio-option\">\n                <h3 class=\"option-title\">\ud83d\udcb3 PayPal<\/h3>\n\n                <div class=\"paypal-container\" id=\"paypal-button-container\">\n                    <form action=\"https:\/\/www.paypal.com\/donate\" method=\"post\" target=\"_top\">\n                    <input type=\"hidden\" name=\"hosted_button_id\" value=\"K2U4RXKR96NNA\" \/>\n                    <input type=\"image\" src=\"https:\/\/www.paypalobjects.com\/es_ES\/ES\/i\/btn\/btn_donate_LG.gif\" border=\"0\" name=\"submit\" title=\"PayPal - The safer, easier way to pay online!\" alt=\"Bot\u00f3n\u00a0Donar con PayPal\" \/>\n                    <img loading=\"lazy\" decoding=\"async\" alt=\"\" border=\"0\" src=\"https:\/\/www.paypal.com\/es_ES\/i\/scr\/pixel.gif\" width=\"1\" height=\"1\" \/>\n                    <\/form>\n                <\/div>\n            <\/div>\n        <\/div>\n    <\/section>\n\n    <script>\n        \/\/ Funci\u00f3 per copiar el n\u00famero de Bizum\n        function copiarNumeroBizum() {\n            const numeroBizum = '628548665';\n            navigator.clipboard.writeText(numeroBizum).then(() => {\n                const textOriginal = boton.textContent;\n                boton.textContent = 'N\u00famero copiat!';\n                boton.style.background = '#00A843';\n        \n            setTimeout(() => {\n                 boton.textContent = textOriginal;\n                 boton.style.background = '#00C2FF';\n            }, 2000);\n        }).catch(err => {\n           alert('N\u00famero copiat: 628 548 665');\n        });\n}\n\n        \/\/ Funci\u00f3 per mostrar el camp d'import personalitzat\n        function mostrarImportPersonalitzat(select) {\n            const customInput = document.querySelector('.custom-amount');\n            if (select.value === 'custom') {\n                customInput.style.display = 'block';\n                customInput.focus();\n            } else {\n                customInput.style.display = 'none';\n            }\n        }\n\n        \/\/ Funci\u00f3 per actualitzar el bot\u00f3 de PayPal amb l'import seleccionat\n        function actualitzarBotoPaypal(amount) {\n            const paypalContainer = document.getElementById('paypal-button-container');\n            \n            \/\/ Netejar el contenidor\n            paypalContainer.innerHTML = '';\n            \n            \/\/ Crear el formulari de PayPal amb l'import\n            const form = document.createElement('form');\n            form.action = 'https:\/\/www.paypal.com\/donate';\n            form.method = 'post';\n            form.target = '_top';\n            \n            \/\/ Afegir camps ocults\n            const hostedButton = document.createElement('input');\n            hostedButton.type = 'hidden';\n            hostedButton.name = 'hosted_button_id';\n            hostedButton.value = 'EL_TEU_CODI_AQUI'; \/\/ \u2190 El teu codi de PayPal\n            \n            const amountInput = document.createElement('input');\n            amountInput.type = 'hidden';\n            amountInput.name = 'amount';\n            amountInput.value = amount;\n            \n            \/\/ Crear la imatge del bot\u00f3\n            const submitInput = document.createElement('input');\n            submitInput.type = 'image';\n            submitInput.src = 'https:\/\/www.paypalobjects.com\/es_ES\/ES\/i\/btn\/btn_donate_LG.gif';\n            submitInput.border = '0';\n            submitInput.name = 'submit';\n            submitInput.title = 'PayPal - The safer, easier way to pay online!';\n            submitInput.alt = 'Bot\u00f3 Donar amb PayPal';\n            submitInput.style.cursor = 'pointer';\n            \n            \/\/ Imatge de tracking\n            const trackingImg = document.createElement('img');\n            trackingImg.alt = '';\n            trackingImg.border = '0';\n            trackingImg.src = 'https:\/\/www.paypal.com\/es_ES\/i\/scr\/pixel.gif';\n            trackingImg.width = '1';\n            trackingImg.height = '1';\n            \n            \/\/ Afegir elements al formulari\n            form.appendChild(hostedButton);\n            form.appendChild(amountInput);\n            form.appendChild(submitInput);\n            form.appendChild(trackingImg);\n            \n            \/\/ Afegir formulari al contenidor\n            paypalContainer.appendChild(form);\n        }\n\n        \/\/ Escoltar canvis en el selector d'import\n        document.querySelector('.amount-select').addEventListener('change', function(e) {\n            if (this.value && this.value !== 'custom') {\n                actualitzarBotoPaypal(this.value);\n            }\n        });\n\n        \/\/ Escoltar canvis en l'import personalitzat\n        document.querySelector('.custom-amount').addEventListener('input', function(e) {\n            if (this.value && this.value >= 1) {\n                actualitzarBotoPaypal(this.value);\n            }\n        });\n\n        \/\/ Validaci\u00f3 de l'import personalitzat\n        document.querySelector('.custom-amount').addEventListener('input', function(e) {\n            if (this.value < 1) {\n                this.value = 1;\n            }\n        });\n    <\/script>\n<\/body>\n<\/html>\n<\/div><\/div>\n","protected":false},"excerpt":{"rendered":"<p>Et presento v\u00e0ries eines gratu\u00eftes que t&#8217;ajudaran amb la gesti\u00f3 de la teva comunitat.<\/p>\n","protected":false},"author":1,"featured_media":0,"parent":0,"menu_order":0,"comment_status":"closed","ping_status":"closed","template":"","meta":{"_kad_post_transparent":"","_kad_post_title":"","_kad_post_layout":"","_kad_post_sidebar_id":"","_kad_post_content_style":"","_kad_post_vertical_padding":"","_kad_post_feature":"","_kad_post_feature_position":"","_kad_post_header":false,"_kad_post_footer":false,"_kad_post_classname":"","footnotes":""},"class_list":["post-3718","page","type-page","status-publish","hentry"],"_links":{"self":[{"href":"https:\/\/gcomunitats.cat\/es\/wp-json\/wp\/v2\/pages\/3718","targetHints":{"allow":["GET"]}}],"collection":[{"href":"https:\/\/gcomunitats.cat\/es\/wp-json\/wp\/v2\/pages"}],"about":[{"href":"https:\/\/gcomunitats.cat\/es\/wp-json\/wp\/v2\/types\/page"}],"author":[{"embeddable":true,"href":"https:\/\/gcomunitats.cat\/es\/wp-json\/wp\/v2\/users\/1"}],"replies":[{"embeddable":true,"href":"https:\/\/gcomunitats.cat\/es\/wp-json\/wp\/v2\/comments?post=3718"}],"version-history":[{"count":4,"href":"https:\/\/gcomunitats.cat\/es\/wp-json\/wp\/v2\/pages\/3718\/revisions"}],"predecessor-version":[{"id":3844,"href":"https:\/\/gcomunitats.cat\/es\/wp-json\/wp\/v2\/pages\/3718\/revisions\/3844"}],"wp:attachment":[{"href":"https:\/\/gcomunitats.cat\/es\/wp-json\/wp\/v2\/media?parent=3718"}],"curies":[{"name":"wp","href":"https:\/\/api.w.org\/{rel}","templated":true}]}}