{"id":3858,"date":"2025-11-23T20:41:29","date_gmt":"2025-11-23T20:41:29","guid":{"rendered":"https:\/\/gcomunitats.cat\/?page_id=3858"},"modified":"2026-04-04T04:55:08","modified_gmt":"2026-04-04T04:55:08","slug":"inici","status":"publish","type":"page","link":"https:\/\/gcomunitats.cat\/es\/","title":{"rendered":"Inici"},"content":{"rendered":"<style>.kb-row-layout-id3858_1a4208-87 > .kt-row-column-wrap{align-content:start;}:where(.kb-row-layout-id3858_1a4208-87 > .kt-row-column-wrap) > .wp-block-kadence-column{justify-content:start;}.kb-row-layout-id3858_1a4208-87 > .kt-row-column-wrap{column-gap:var(--global-kb-gap-md, 2rem);row-gap:var(--global-kb-gap-md, 2rem);max-width:var( --global-content-width, 1290px );padding-left:var(--global-content-edge-padding);padding-right:var(--global-content-edge-padding);padding-top:130px;padding-right:20px;padding-bottom:80px;padding-left:20px;grid-template-columns:minmax(0, 1fr);}.kb-row-layout-id3858_1a4208-87{background-image:url('https:\/\/gcomunitats.cat\/wp-content\/uploads\/2025\/10\/vista-ciudad.jpg');background-size:cover;background-position:49% 81%;background-attachment:fixed;background-repeat:no-repeat;}.kb-row-layout-id3858_1a4208-87 > .kt-row-layout-overlay{opacity:0.75;background-color:#00366d;}@media all and (max-width: 1024px), only screen and (min-device-width: 1024px) and (max-device-width: 1366px) and (-webkit-min-device-pixel-ratio: 2) and (hover: none){.kb-row-layout-id3858_1a4208-87{background-attachment:scroll;}}@media all and (max-width: 1024px){.kb-row-layout-id3858_1a4208-87 > .kt-row-column-wrap{padding-top:100px;padding-right:150px;padding-bottom:80px;padding-left:150px;grid-template-columns:minmax(0, 1fr);}}@media all and (max-width: 767px){.kb-row-layout-id3858_1a4208-87 > .kt-row-column-wrap{padding-top:100px;padding-right:20px;padding-bottom:40px;padding-left:20px;grid-template-columns:minmax(0, 1fr);}}<\/style><div style=\"background-image: url(https:\/\/gcomunitats.cat\/wp-content\/uploads\/2025\/10\/vista-ciudad.jpg);\" class=\"kb-row-layout-wrap kb-row-layout-id3858_1a4208-87 alignnone has-theme-palette8-background-color kt-row-has-bg kt-jarallax wp-block-kadence-rowlayout\" data-img-position=\"49% 81%\" data-img-size=\"cover\"><div class=\"kt-row-layout-overlay kt-row-overlay-normal\"><\/div><div class=\"kt-row-column-wrap kt-has-1-columns kt-row-layout-equal kt-tab-layout-inherit kt-mobile-layout-row kt-row-valign-top kb-theme-content-width\">\n<style>.kadence-column3858_bd608c-6e > .kt-inside-inner-col{display:flex;}.kadence-column3858_bd608c-6e > .kt-inside-inner-col{padding-right:0px;padding-left:0px;}.kadence-column3858_bd608c-6e > .kt-inside-inner-col,.kadence-column3858_bd608c-6e > .kt-inside-inner-col:before{border-top-left-radius:0px;border-top-right-radius:0px;border-bottom-right-radius:0px;border-bottom-left-radius:0px;}.kadence-column3858_bd608c-6e > .kt-inside-inner-col{column-gap:var(--global-kb-gap-sm, 1rem);}.kadence-column3858_bd608c-6e > .kt-inside-inner-col{flex-direction:column;justify-content:center;}.kadence-column3858_bd608c-6e > .kt-inside-inner-col > .aligncenter{width:100%;}.kt-row-column-wrap > .kadence-column3858_bd608c-6e{align-self:center;}.kt-inner-column-height-full:not(.kt-has-1-columns) > .wp-block-kadence-column.kadence-column3858_bd608c-6e{align-self:auto;}.kt-inner-column-height-full:not(.kt-has-1-columns) > .wp-block-kadence-column.kadence-column3858_bd608c-6e > .kt-inside-inner-col{flex-direction:column;justify-content:center;}.kadence-column3858_bd608c-6e > .kt-inside-inner-col:before{opacity:0.3;}.kadence-column3858_bd608c-6e{position:relative;}.kadence-column3858_bd608c-6e, .kt-inside-inner-col > .kadence-column3858_bd608c-6e:not(.specificity){margin-right:40px;}@media all and (max-width: 1024px){.kadence-column3858_bd608c-6e > .kt-inside-inner-col{padding-top:0px;padding-right:0px;padding-bottom:0px;padding-left:0px;flex-direction:column;justify-content:center;}}@media all and (max-width: 1024px){.kt-row-column-wrap > .kadence-column3858_bd608c-6e{align-self:center;}}@media all and (max-width: 1024px){.kt-inner-column-height-full:not(.kt-has-1-columns) > .wp-block-kadence-column.kadence-column3858_bd608c-6e{align-self:auto;}}@media all and (max-width: 1024px){.kt-inner-column-height-full:not(.kt-has-1-columns) > .wp-block-kadence-column.kadence-column3858_bd608c-6e > .kt-inside-inner-col{flex-direction:column;justify-content:center;}}@media all and (max-width: 1024px){.kadence-column3858_bd608c-6e, .kt-inside-inner-col > .kadence-column3858_bd608c-6e:not(.specificity){margin-right:0px;margin-left:0px;}}@media all and (max-width: 767px){.kadence-column3858_bd608c-6e > .kt-inside-inner-col{padding-right:0px;padding-left:0px;flex-direction:column;justify-content:center;}.kt-row-column-wrap > .kadence-column3858_bd608c-6e{align-self:center;}.kt-inner-column-height-full:not(.kt-has-1-columns) > .wp-block-kadence-column.kadence-column3858_bd608c-6e{align-self:auto;}.kt-inner-column-height-full:not(.kt-has-1-columns) > .wp-block-kadence-column.kadence-column3858_bd608c-6e > .kt-inside-inner-col{flex-direction:column;justify-content:center;}.kadence-column3858_bd608c-6e, .kt-inside-inner-col > .kadence-column3858_bd608c-6e:not(.specificity){margin-right:0px;margin-left:0px;}}<\/style>\n<div class=\"wp-block-kadence-column kadence-column3858_bd608c-6e inner-column-1\"><div class=\"kt-inside-inner-col\"><style>.wp-block-kadence-advancedheading.kt-adv-heading3858_cf878e-7c, .wp-block-kadence-advancedheading.kt-adv-heading3858_cf878e-7c[data-kb-block=\"kb-adv-heading3858_cf878e-7c\"]{padding-top:0px;padding-bottom:0px;margin-top:0px;margin-bottom:0px;font-size:var(--global-kb-font-size-xxl, 4rem);line-height:85px;font-style:normal;}.wp-block-kadence-advancedheading.kt-adv-heading3858_cf878e-7c mark.kt-highlight, .wp-block-kadence-advancedheading.kt-adv-heading3858_cf878e-7c[data-kb-block=\"kb-adv-heading3858_cf878e-7c\"] mark.kt-highlight{font-style:normal;color:#f76a0c;-webkit-box-decoration-break:clone;box-decoration-break:clone;padding-top:0px;padding-right:0px;padding-bottom:0px;padding-left:0px;}.wp-block-kadence-advancedheading.kt-adv-heading3858_cf878e-7c img.kb-inline-image, .wp-block-kadence-advancedheading.kt-adv-heading3858_cf878e-7c[data-kb-block=\"kb-adv-heading3858_cf878e-7c\"] img.kb-inline-image{width:150px;vertical-align:baseline;}@media all and (max-width: 1024px){.wp-block-kadence-advancedheading.kt-adv-heading3858_cf878e-7c, .wp-block-kadence-advancedheading.kt-adv-heading3858_cf878e-7c[data-kb-block=\"kb-adv-heading3858_cf878e-7c\"]{font-size:var(--global-kb-font-size-xl, 3rem);line-height:68px;text-align:center!important;}}@media all and (max-width: 767px){.wp-block-kadence-advancedheading.kt-adv-heading3858_cf878e-7c, .wp-block-kadence-advancedheading.kt-adv-heading3858_cf878e-7c[data-kb-block=\"kb-adv-heading3858_cf878e-7c\"]{padding-top:0px;padding-right:0px;padding-bottom:0px;padding-left:0px;margin-bottom:30px;font-size:38px;line-height:50px;text-align:center!important;}}<\/style>\n<h1 class=\"kt-adv-heading3858_cf878e-7c wp-block-kadence-advancedheading has-theme-palette-3-color has-text-color\" data-kb-block=\"kb-adv-heading3858_cf878e-7c\">Necessites ajuda amb la teva comunitat de propietaris?<\/h1>\n\n\n<style>.wp-block-kadence-advancedheading.kt-adv-heading3858_4a016b-ba, .wp-block-kadence-advancedheading.kt-adv-heading3858_4a016b-ba[data-kb-block=\"kb-adv-heading3858_4a016b-ba\"]{padding-top:20px;padding-bottom:0px;margin-top:0px;margin-bottom:0px;text-align:left;font-style:normal;}.wp-block-kadence-advancedheading.kt-adv-heading3858_4a016b-ba mark.kt-highlight, .wp-block-kadence-advancedheading.kt-adv-heading3858_4a016b-ba[data-kb-block=\"kb-adv-heading3858_4a016b-ba\"] mark.kt-highlight{font-style:normal;color:#f76a0c;-webkit-box-decoration-break:clone;box-decoration-break:clone;padding-top:0px;padding-right:0px;padding-bottom:0px;padding-left:0px;}.wp-block-kadence-advancedheading.kt-adv-heading3858_4a016b-ba img.kb-inline-image, .wp-block-kadence-advancedheading.kt-adv-heading3858_4a016b-ba[data-kb-block=\"kb-adv-heading3858_4a016b-ba\"] img.kb-inline-image{width:150px;vertical-align:baseline;}@media all and (max-width: 1024px){.wp-block-kadence-advancedheading.kt-adv-heading3858_4a016b-ba, .wp-block-kadence-advancedheading.kt-adv-heading3858_4a016b-ba[data-kb-block=\"kb-adv-heading3858_4a016b-ba\"]{padding-right:0px;padding-left:0px;text-align:center!important;}}@media all and (max-width: 767px){.wp-block-kadence-advancedheading.kt-adv-heading3858_4a016b-ba, .wp-block-kadence-advancedheading.kt-adv-heading3858_4a016b-ba[data-kb-block=\"kb-adv-heading3858_4a016b-ba\"]{padding-top:0px;padding-right:0px;padding-bottom:0px;padding-left:0px;text-align:center!important;}}<\/style>\n<p class=\"kt-adv-heading3858_4a016b-ba wp-block-kadence-advancedheading has-theme-palette-3-color has-text-color\" data-kb-block=\"kb-adv-heading3858_4a016b-ba\"><strong><strong><strong><strong>A Catalunya les comunitats de propietaris es regeixen per una llei espec\u00edfica<\/strong><\/strong><\/strong><\/strong>. <strong><strong><strong>La <strong>Llei 5\/2006, del 10 de maig, del llibre cinqu\u00e8 del Codi Civil de Catalunya, relatiu als drets reals<\/strong> regula tots els aspectes de la teva comunitat, des de les seves obligacions fins als teus drets. <\/strong><\/strong><\/strong><\/p>\n\n\n<style>.kb-row-layout-id3858_8e4f21-2c > .kt-row-column-wrap{align-content:start;}:where(.kb-row-layout-id3858_8e4f21-2c > .kt-row-column-wrap) > .wp-block-kadence-column{justify-content:start;}.kb-row-layout-id3858_8e4f21-2c > .kt-row-column-wrap{column-gap:20px;row-gap:var(--global-kb-gap-sm, 1rem);max-width:var( --global-content-width, 1290px );padding-left:var(--global-content-edge-padding);padding-right:var(--global-content-edge-padding);padding-top:40px;padding-bottom:0px;grid-template-columns:repeat(2, minmax(0, 1fr));}.kb-row-layout-id3858_8e4f21-2c > .kt-row-layout-overlay{opacity:0.30;}@media all and (max-width: 1024px){.kb-row-layout-id3858_8e4f21-2c > .kt-row-column-wrap{grid-template-columns:repeat(2, minmax(0, 1fr));}}@media all and (max-width: 767px){.kb-row-layout-id3858_8e4f21-2c > .kt-row-column-wrap{grid-template-columns:minmax(0, 1fr);}}<\/style><div class=\"kb-row-layout-wrap kb-row-layout-id3858_8e4f21-2c aligncenter wp-block-kadence-rowlayout\"><div class=\"kt-row-column-wrap kt-has-2-columns kt-row-layout-equal kt-tab-layout-inherit kt-mobile-layout-row kt-row-valign-top kb-theme-content-width\">\n<style>.kadence-column3858_44a32c-7a > .kt-inside-inner-col,.kadence-column3858_44a32c-7a > .kt-inside-inner-col:before{border-top-left-radius:0px;border-top-right-radius:0px;border-bottom-right-radius:0px;border-bottom-left-radius:0px;}.kadence-column3858_44a32c-7a > .kt-inside-inner-col{column-gap:var(--global-kb-gap-sm, 1rem);}.kadence-column3858_44a32c-7a > .kt-inside-inner-col{flex-direction:column;}.kadence-column3858_44a32c-7a > .kt-inside-inner-col > .aligncenter{width:100%;}.kadence-column3858_44a32c-7a > .kt-inside-inner-col:before{opacity:0.3;}.kadence-column3858_44a32c-7a{position:relative;}@media all and (max-width: 1024px){.kadence-column3858_44a32c-7a > .kt-inside-inner-col{flex-direction:column;justify-content:center;}}@media all and (max-width: 767px){.kadence-column3858_44a32c-7a > .kt-inside-inner-col{flex-direction:column;justify-content:center;}}<\/style>\n<div class=\"wp-block-kadence-column kadence-column3858_44a32c-7a inner-column-1\"><div class=\"kt-inside-inner-col\"><style>.wp-block-kadence-advancedbtn.kb-btns3858_24d04c-47{gap:var(--global-kb-gap-xs, 0.5rem );justify-content:center;align-items:center;}.kt-btns3858_24d04c-47 .kt-button{font-weight:normal;font-style:normal;}@media all and (max-width: 767px){.wp-block-kadence-advancedbtn.kb-btns3858_24d04c-47{justify-content:center;}}<\/style>\n<div class=\"wp-block-kadence-advancedbtn kb-buttons-wrap kb-btns3858_24d04c-47\"><style>ul.menu .wp-block-kadence-advancedbtn .kb-btn3858_e5bbba-17.kb-button{width:initial;}.wp-block-kadence-advancedbtn .kb-btn3858_e5bbba-17.kb-button{font-size:18px;border-top:0px solid;border-right:0px solid;border-bottom:0px solid;border-left:0px solid;}@media all and (max-width: 1024px){.wp-block-kadence-advancedbtn .kb-btn3858_e5bbba-17.kb-button{border-top:0px solid;border-right:0px solid;border-bottom:0px solid;border-left:0px solid;}}@media all and (max-width: 767px){.wp-block-kadence-advancedbtn .kb-btn3858_e5bbba-17.kb-button{border-top:0px solid;border-right:0px solid;border-bottom:0px solid;border-left:0px solid;}}<\/style><a class=\"kb-button kt-button button kb-btn3858_e5bbba-17 kt-btn-size-standard kt-btn-width-type-auto kb-btn-global-inherit  kt-btn-has-text-true kt-btn-has-svg-false  wp-block-button__link wp-block-kadence-singlebtn\" href=\"https:\/\/gcomunitats.cat\/contact\/\"><span class=\"kt-btn-inner-text\"><strong>Tens algun dubte? Consulte&#8217;m<\/strong><\/span><\/a><\/div>\n<\/div><\/div>\n\n\n<style>.kadence-column3858_d2130d-15 > .kt-inside-inner-col,.kadence-column3858_d2130d-15 > .kt-inside-inner-col:before{border-top-left-radius:0px;border-top-right-radius:0px;border-bottom-right-radius:0px;border-bottom-left-radius:0px;}.kadence-column3858_d2130d-15 > .kt-inside-inner-col{column-gap:var(--global-kb-gap-sm, 1rem);}.kadence-column3858_d2130d-15 > .kt-inside-inner-col{flex-direction:column;}.kadence-column3858_d2130d-15 > .kt-inside-inner-col > .aligncenter{width:100%;}.kadence-column3858_d2130d-15 > .kt-inside-inner-col:before{opacity:0.3;}.kadence-column3858_d2130d-15{position:relative;}@media all and (max-width: 1024px){.kadence-column3858_d2130d-15 > .kt-inside-inner-col{flex-direction:column;justify-content:center;}}@media all and (max-width: 767px){.kadence-column3858_d2130d-15 > .kt-inside-inner-col{flex-direction:column;justify-content:center;}}<\/style>\n<div class=\"wp-block-kadence-column kadence-column3858_d2130d-15 inner-column-2\"><div class=\"kt-inside-inner-col\"><style>.wp-block-kadence-advancedbtn.kb-btns3858_3d12e1-d2{gap:var(--global-kb-gap-xs, 0.5rem );justify-content:center;align-items:center;}.kt-btns3858_3d12e1-d2 .kt-button{font-weight:normal;font-style:normal;}@media all and (max-width: 767px){.wp-block-kadence-advancedbtn.kb-btns3858_3d12e1-d2{justify-content:center;}}<\/style>\n<div class=\"wp-block-kadence-advancedbtn kb-buttons-wrap kb-btns3858_3d12e1-d2\"><style>ul.menu .wp-block-kadence-advancedbtn .kb-btn3858_5213b3-c3.kb-button{width:initial;}.wp-block-kadence-advancedbtn .kb-btn3858_5213b3-c3.kb-button{color:#ffffff;background:#87cba1;font-size:18px;border-top:0px solid;border-right:0px solid;border-bottom:0px solid;border-left:0px solid;}.wp-block-kadence-advancedbtn .kb-btn3858_5213b3-c3.kb-button:hover, .wp-block-kadence-advancedbtn .kb-btn3858_5213b3-c3.kb-button:focus{color:#ffffff;background:#7cdba0;}@media all and (max-width: 1024px){.wp-block-kadence-advancedbtn .kb-btn3858_5213b3-c3.kb-button{border-top:0px solid;border-right:0px solid;border-bottom:0px solid;border-left:0px solid;}}@media all and (max-width: 767px){.wp-block-kadence-advancedbtn .kb-btn3858_5213b3-c3.kb-button{border-top:0px solid;border-right:0px solid;border-bottom:0px solid;border-left:0px solid;}}<\/style><a class=\"kb-button kt-button button kb-btn3858_5213b3-c3 kt-btn-size-standard kt-btn-width-type-auto kb-btn-global-inherit  kt-btn-has-text-true kt-btn-has-svg-false  wp-block-button__link wp-block-kadence-singlebtn\" href=\"https:\/\/gcomunitats.cat\/eines-gratuites\/\"><span class=\"kt-btn-inner-text\">Eines gratu\u00eftes<\/span><\/a><\/div>\n<\/div><\/div>\n\n<\/div><\/div><\/div><\/div>\n\n<\/div><\/div>\n\n<style>.kb-row-layout-id3858_5080ee-3b > .kt-row-column-wrap{align-content:start;}:where(.kb-row-layout-id3858_5080ee-3b > .kt-row-column-wrap) > .wp-block-kadence-column{justify-content:start;}.kb-row-layout-id3858_5080ee-3b > .kt-row-column-wrap{column-gap:var(--global-kb-gap-md, 2rem);row-gap:40px;max-width:var( --global-content-width, 1290px );padding-left:var(--global-content-edge-padding);padding-right:var(--global-content-edge-padding);padding-top:12px;padding-right:20px;padding-bottom:30px;padding-left:20px;grid-template-columns:minmax(0, 1fr);}.kb-row-layout-id3858_5080ee-3b{background-color:rgba(235,250,252,0.1);}.kb-row-layout-id3858_5080ee-3b > .kt-row-layout-overlay{opacity:0.30;}@media all and (max-width: 1024px){.kb-row-layout-id3858_5080ee-3b > .kt-row-column-wrap{padding-top:60px;padding-right:150px;padding-bottom:60px;padding-left:150px;grid-template-columns:minmax(0, 1fr);}}@media all and (max-width: 767px){.kb-row-layout-id3858_5080ee-3b > .kt-row-column-wrap{padding-top:40px;padding-right:20px;padding-bottom:40px;padding-left:20px;grid-template-columns:minmax(0, 1fr);}}<\/style><div class=\"kb-row-layout-wrap kb-row-layout-id3858_5080ee-3b alignnone kt-row-has-bg wp-block-kadence-rowlayout\"><div class=\"kt-row-column-wrap kt-has-1-columns kt-row-layout-equal kt-tab-layout-inherit kt-mobile-layout-row kt-row-valign-top kb-theme-content-width\">\n<style>.kadence-column3858_f23378-d1 > .kt-inside-inner-col,.kadence-column3858_f23378-d1 > .kt-inside-inner-col:before{border-top-left-radius:0px;border-top-right-radius:0px;border-bottom-right-radius:0px;border-bottom-left-radius:0px;}.kadence-column3858_f23378-d1 > .kt-inside-inner-col{column-gap:var(--global-kb-gap-sm, 1rem);}.kadence-column3858_f23378-d1 > .kt-inside-inner-col{flex-direction:column;}.kadence-column3858_f23378-d1 > .kt-inside-inner-col > .aligncenter{width:100%;}.kadence-column3858_f23378-d1 > .kt-inside-inner-col:before{opacity:0.3;}.kadence-column3858_f23378-d1{position:relative;}@media all and (max-width: 1024px){.kadence-column3858_f23378-d1 > .kt-inside-inner-col{flex-direction:column;justify-content:center;}}@media all and (max-width: 767px){.kadence-column3858_f23378-d1 > .kt-inside-inner-col{flex-direction:column;justify-content:center;}}<\/style>\n<div class=\"wp-block-kadence-column kadence-column3858_f23378-d1\"><div class=\"kt-inside-inner-col\"><ul class=\"wp-block-latest-posts__list is-grid columns-3 wp-block-latest-posts\"><li><div class=\"wp-block-latest-posts__featured-image\"><img loading=\"lazy\" decoding=\"async\" width=\"150\" height=\"150\" src=\"https:\/\/gcomunitats.cat\/wp-content\/uploads\/2026\/03\/comunitat-de-propietaris-150x150.jpg\" class=\"attachment-thumbnail size-thumbnail wp-post-image\" alt=\"Comunitat de propietaris. Estructura d&#039;una comunitat de propietaris: elements comuns i privats en un edifici de propietat horitzontal\" style=\"\" \/><\/div><a class=\"wp-block-latest-posts__post-title\" href=\"https:\/\/gcomunitats.cat\/es\/comunitat-de-propietaris\/\">Qu\u00e8 \u00e9s una Comunitat de Propietaris: Guia Completa sobre Propietat Horitzontal a Catalunya<\/a><div class=\"wp-block-latest-posts__post-excerpt\">Qu\u00e8 \u00e9s una comunitat de propietaris: estructura legal, \u00f2rgans de govern, drets i obligacions dels propietaris. Guia completa sobre propietat horitzontal a Catalunya.<\/div><\/li>\n<li><div class=\"wp-block-latest-posts__featured-image\"><img loading=\"lazy\" decoding=\"async\" width=\"150\" height=\"150\" src=\"https:\/\/gcomunitats.cat\/wp-content\/uploads\/2026\/03\/cese-administrador-150x150.png\" class=\"attachment-thumbnail size-thumbnail wp-post-image\" alt=\"Junta de propietaris lliurant l&#039;acta de cese de l&#039;administrador de la comunitat de finques\" style=\"\" \/><\/div><a class=\"wp-block-latest-posts__post-title\" href=\"https:\/\/gcomunitats.cat\/es\/com-cessar-ladministrador-de-finques\/\">Cessar L&#8217;Administrador de Finques: Guia Legal Pas a Pas per a Catalunya<\/a><div class=\"wp-block-latest-posts__post-excerpt\">Com cessar l&#8217;administrador de finques a Catalunya: majoria simple, procediment legal i drets segons el Codi Civil. Guia pas a pas amb checklist.<\/div><\/li>\n<li><div class=\"wp-block-latest-posts__featured-image\"><img loading=\"lazy\" decoding=\"async\" width=\"150\" height=\"150\" src=\"https:\/\/gcomunitats.cat\/wp-content\/uploads\/2026\/03\/certificat-de-corrent-de-pagament-1-150x150.jpg\" class=\"attachment-thumbnail size-thumbnail wp-post-image\" alt=\"Certificat de corrent de pagament digital amb checkmark verd, edificis i s\u00edmbol de pagament aprovant seguretat en transaccions immobili\u00e0ries\" style=\"\" \/><\/div><a class=\"wp-block-latest-posts__post-title\" href=\"https:\/\/gcomunitats.cat\/es\/certificat-de-corrent-de-pacertificat-corrent-pagament-guia-completa\/\">Certificat de Corrent de Pagament: Guia Completa per a Propietaris<\/a><div class=\"wp-block-latest-posts__post-excerpt\">Descobreix qu\u00e8 \u00e9s el certificat de corrent de pagament, per qu\u00e8 \u00e9s imprescindible en operacions immobili\u00e0ries i com obtenir-lo a Catalunya.<\/div><\/li>\n<li><div class=\"wp-block-latest-posts__featured-image\"><img loading=\"lazy\" decoding=\"async\" width=\"150\" height=\"150\" src=\"https:\/\/gcomunitats.cat\/wp-content\/uploads\/2025\/11\/Estatutos-2-1-150x150.jpg\" class=\"attachment-thumbnail size-thumbnail wp-post-image\" alt=\"Portada sobre els estatuts de comunitats de propietaris a Catalunya\" style=\"\" \/><\/div><a class=\"wp-block-latest-posts__post-title\" href=\"https:\/\/gcomunitats.cat\/es\/estatuts\/\">Els Estatuts d&#8217;una Comunitat de Propietaris a Catalunya<\/a><div class=\"wp-block-latest-posts__post-excerpt\">Els estatuts de comunitat regulen drets reals. Descobreix com funcionen, com es modifiquen i quines cl\u00e0usules autoritza la Llei 5\/2006 del Codi Civil de Catalunya.<\/div><\/li>\n<li><div class=\"wp-block-latest-posts__featured-image\"><img loading=\"lazy\" decoding=\"async\" width=\"150\" height=\"150\" src=\"https:\/\/gcomunitats.cat\/wp-content\/uploads\/2025\/11\/Fons-de-Reserva-1-1-150x150.png\" class=\"attachment-thumbnail size-thumbnail wp-post-image\" alt=\"Fons de reserva\" style=\"\" \/><\/div><a class=\"wp-block-latest-posts__post-title\" href=\"https:\/\/gcomunitats.cat\/es\/fons-de-reserva\/\">Fons de Reserva de la comunitat de propietaris a Catalunya<\/a><div class=\"wp-block-latest-posts__post-excerpt\">El fons de reserva \u00e9s l&#8217;estalvi obligatori que guarda la comunitat per afrontar reparacions urgents sense fer derrames. Sense aquest fons, hauries de pagar de la butxaca quan es trenca l&#8217;ascensor o falla la calefacci\u00f3.<\/div><\/li>\n<\/ul><\/div><\/div>\n\n<\/div><\/div>\n\n<div style=\"height:12px\" aria-hidden=\"true\" class=\"wp-block-spacer\"><\/div>\n\n\n\n<div class=\"wp-block-group alignfull\" style=\"border-style:none;border-width:0px;padding-right:var(--wp--preset--spacing--80);padding-left:var(--wp--preset--spacing--80)\"><div class=\"wp-block-group__inner-container is-layout-constrained wp-container-core-group-is-layout-8de92ddb wp-block-group-is-layout-constrained\">\n<h2 class=\"wp-block-heading\">Tens algun dubte?<\/h2>\n\n\n\n<p><strong>Escriu-me, sense comprom\u00eds<\/strong>.<\/p>\n\n\n\n<div class=\"wpcf7 no-js\" id=\"wpcf7-f3532-o1\" lang=\"es-ES\" dir=\"ltr\" data-wpcf7-id=\"3532\">\n<div class=\"screen-reader-response\"><p role=\"status\" aria-live=\"polite\" aria-atomic=\"true\"><\/p> <ul><\/ul><\/div>\n<form action=\"\/es\/wp-json\/wp\/v2\/pages\/3858#wpcf7-f3532-o1\" method=\"post\" class=\"wpcf7-form init\" aria-label=\"Formulario de contacto\" novalidate=\"novalidate\" data-status=\"init\">\n<fieldset class=\"hidden-fields-container\"><input type=\"hidden\" name=\"_wpcf7\" value=\"3532\" \/><input type=\"hidden\" name=\"_wpcf7_version\" value=\"6.1.5\" \/><input type=\"hidden\" name=\"_wpcf7_locale\" value=\"es_ES\" \/><input type=\"hidden\" name=\"_wpcf7_unit_tag\" value=\"wpcf7-f3532-o1\" \/><input type=\"hidden\" name=\"_wpcf7_container_post\" value=\"0\" \/><input type=\"hidden\" name=\"_wpcf7_posted_data_hash\" value=\"\" \/><input type=\"hidden\" name=\"lang\" value=\"es\" \/>\n<\/fieldset>\n<p><label> El teu nom<br \/>\n<span class=\"wpcf7-form-control-wrap\" data-name=\"your-name\"><input size=\"40\" maxlength=\"400\" class=\"wpcf7-form-control wpcf7-text wpcf7-validates-as-required\" autocomplete=\"name\" aria-required=\"true\" aria-invalid=\"false\" value=\"\" type=\"text\" name=\"your-name\" \/><\/span> <\/label>\n<\/p>\n<p><label> El teu correu electr\u00f2nic<br \/>\n<span class=\"wpcf7-form-control-wrap\" data-name=\"your-email\"><input size=\"40\" maxlength=\"400\" class=\"wpcf7-form-control wpcf7-email wpcf7-validates-as-required wpcf7-text wpcf7-validates-as-email\" autocomplete=\"email\" aria-required=\"true\" aria-invalid=\"false\" value=\"\" type=\"email\" name=\"your-email\" \/><\/span> <\/label>\n<\/p>\n<p><label> Assumpte<br \/>\n<span class=\"wpcf7-form-control-wrap\" data-name=\"your-subject\"><input size=\"40\" maxlength=\"400\" class=\"wpcf7-form-control wpcf7-text wpcf7-validates-as-required\" aria-required=\"true\" aria-invalid=\"false\" value=\"\" type=\"text\" name=\"your-subject\" \/><\/span> <\/label>\n<\/p>\n<p><label> El teu missatge<br \/>\n<span class=\"wpcf7-form-control-wrap\" data-name=\"your-message\"><textarea cols=\"40\" rows=\"10\" maxlength=\"2000\" class=\"wpcf7-form-control wpcf7-textarea\" aria-invalid=\"false\" name=\"your-message\"><\/textarea><\/span> <\/label>\n<\/p>\n<p><input class=\"wpcf7-form-control wpcf7-submit has-spinner\" type=\"submit\" value=\"Enviar\" \/>\n<\/p><p style=\"display: none !important;\" class=\"akismet-fields-container\" data-prefix=\"_wpcf7_ak_\"><label>&#916;<textarea name=\"_wpcf7_ak_hp_textarea\" cols=\"45\" rows=\"8\" maxlength=\"100\"><\/textarea><\/label><input type=\"hidden\" id=\"ak_js_1\" name=\"_wpcf7_ak_js\" value=\"20\"\/><script>document.getElementById( \"ak_js_1\" ).setAttribute( \"value\", ( new Date() ).getTime() );<\/script><\/p><div class=\"wpcf7-response-output\" aria-hidden=\"true\"><\/div>\n<\/form>\n<\/div>\n\n<\/div><\/div>\n\n\n<p><\/p>\n","protected":false},"excerpt":{"rendered":"<p>Necessites ajuda amb la teva comunitat de propietaris? A Catalunya les comunitats de propietaris es regeixen per una llei espec\u00edfica. La Llei 5\/2006, del 10 de maig, del llibre cinqu\u00e8 del Codi Civil de Catalunya, relatiu als drets reals regula tots els aspectes de la teva comunitat, des de les seves obligacions fins als teus&#8230;<\/p>\n","protected":false},"author":1,"featured_media":3312,"parent":0,"menu_order":0,"comment_status":"closed","ping_status":"closed","template":"","meta":{"_kad_post_transparent":"","_kad_post_title":"hide","_kad_post_layout":"fullwidth","_kad_post_sidebar_id":"","_kad_post_content_style":"unboxed","_kad_post_vertical_padding":"hide","_kad_post_feature":"hide","_kad_post_feature_position":"","_kad_post_header":false,"_kad_post_footer":false,"_kad_post_classname":"","footnotes":""},"class_list":["post-3858","page","type-page","status-publish","has-post-thumbnail","hentry"],"_links":{"self":[{"href":"https:\/\/gcomunitats.cat\/es\/wp-json\/wp\/v2\/pages\/3858","targetHints":{"allow":["GET"]}}],"collection":[{"href":"https:\/\/gcomunitats.cat\/es\/wp-json\/wp\/v2\/pages"}],"about":[{"href":"https:\/\/gcomunitats.cat\/es\/wp-json\/wp\/v2\/types\/page"}],"author":[{"embeddable":true,"href":"https:\/\/gcomunitats.cat\/es\/wp-json\/wp\/v2\/users\/1"}],"replies":[{"embeddable":true,"href":"https:\/\/gcomunitats.cat\/es\/wp-json\/wp\/v2\/comments?post=3858"}],"version-history":[{"count":10,"href":"https:\/\/gcomunitats.cat\/es\/wp-json\/wp\/v2\/pages\/3858\/revisions"}],"predecessor-version":[{"id":3962,"href":"https:\/\/gcomunitats.cat\/es\/wp-json\/wp\/v2\/pages\/3858\/revisions\/3962"}],"wp:featuredmedia":[{"embeddable":true,"href":"https:\/\/gcomunitats.cat\/es\/wp-json\/wp\/v2\/media\/3312"}],"wp:attachment":[{"href":"https:\/\/gcomunitats.cat\/es\/wp-json\/wp\/v2\/media?parent=3858"}],"curies":[{"name":"wp","href":"https:\/\/api.w.org\/{rel}","templated":true}]}}